{"id":1705,"date":"2019-06-06T02:10:38","date_gmt":"2019-06-06T01:10:38","guid":{"rendered":"https:\/\/dentalsandev.com\/noviweb\/?page_id=1705"},"modified":"2022-09-03T21:34:55","modified_gmt":"2022-09-03T20:34:55","slug":"dr-petra-stulic-sandev","status":"publish","type":"page","link":"https:\/\/www.dentalsandev.com\/eng\/dr-petra-stulic-sandev\/","title":{"rendered":"dr. Petra Stuli\u0107 Sandev"},"content":{"rendered":"\t\t<div data-elementor-type=\"wp-post\" data-elementor-id=\"1705\" class=\"elementor elementor-1705\">\n\t\t\t\t\t\t<div class=\"elementor-inner\">\n\t\t\t\t<div class=\"elementor-section-wrap\">\n\t\t\t\t\t\t\t\t\t<section class=\"elementor-section elementor-top-section elementor-element elementor-element-d638529 elementor-section-boxed elementor-section-height-default elementor-section-height-default\" data-id=\"d638529\" data-element_type=\"section\">\n\t\t\t\t\t\t<div class=\"elementor-container elementor-column-gap-default\">\n\t\t\t\t\t\t\t<div class=\"elementor-row\">\n\t\t\t\t\t<div class=\"elementor-column elementor-col-100 elementor-top-column elementor-element elementor-element-6b6399f\" data-id=\"6b6399f\" data-element_type=\"column\">\n\t\t\t<div class=\"elementor-column-wrap elementor-element-populated\">\n\t\t\t\t\t\t\t<div class=\"elementor-widget-wrap\">\n\t\t\t\t\t\t<section class=\"elementor-section elementor-inner-section elementor-element elementor-element-f80cec8 elementor-section-boxed elementor-section-height-default elementor-section-height-default\" data-id=\"f80cec8\" data-element_type=\"section\">\n\t\t\t\t\t\t<div class=\"elementor-container elementor-column-gap-default\">\n\t\t\t\t\t\t\t<div class=\"elementor-row\">\n\t\t\t\t\t<div class=\"elementor-column elementor-col-50 elementor-inner-column elementor-element elementor-element-46d835a\" data-id=\"46d835a\" data-element_type=\"column\">\n\t\t\t<div class=\"elementor-column-wrap elementor-element-populated\">\n\t\t\t\t\t\t\t<div class=\"elementor-widget-wrap\">\n\t\t\t\t\t\t<div class=\"elementor-element elementor-element-8bb2e66 elementor-widget elementor-widget-image\" data-id=\"8bb2e66\" data-element_type=\"widget\" data-widget_type=\"image.default\">\n\t\t\t\t<div class=\"elementor-widget-container\">\n\t\t\t\t\t\t\t\t<div class=\"elementor-image\">\n\t\t\t\t\t\t\t\t\t\t\t\t<img loading=\"lazy\" decoding=\"async\" width=\"746\" height=\"1024\" src=\"https:\/\/www.dentalsandev.com\/eng\/wp-content\/uploads\/2019\/05\/Petra-Stulic-Sandev-Dental-Sandev-746x1024.png\" class=\"attachment-large size-large\" alt=\"\" srcset=\"https:\/\/www.dentalsandev.com\/eng\/wp-content\/uploads\/2019\/05\/Petra-Stulic-Sandev-Dental-Sandev-746x1024.png 746w, https:\/\/www.dentalsandev.com\/eng\/wp-content\/uploads\/2019\/05\/Petra-Stulic-Sandev-Dental-Sandev-219x300.png 219w, https:\/\/www.dentalsandev.com\/eng\/wp-content\/uploads\/2019\/05\/Petra-Stulic-Sandev-Dental-Sandev-768x1054.png 768w, https:\/\/www.dentalsandev.com\/eng\/wp-content\/uploads\/2019\/05\/Petra-Stulic-Sandev-Dental-Sandev.png 656w\" sizes=\"auto, (max-width: 746px) 100vw, 746px\" \/>\t\t\t\t\t\t\t\t\t\t\t\t\t\t<\/div>\n\t\t\t\t\t\t<\/div>\n\t\t\t\t<\/div>\n\t\t\t\t\t\t<\/div>\n\t\t\t\t\t<\/div>\n\t\t<\/div>\n\t\t\t\t<div class=\"elementor-column elementor-col-50 elementor-inner-column elementor-element elementor-element-7345957\" data-id=\"7345957\" data-element_type=\"column\">\n\t\t\t<div class=\"elementor-column-wrap elementor-element-populated\">\n\t\t\t\t\t\t\t<div class=\"elementor-widget-wrap\">\n\t\t\t\t\t\t<div class=\"elementor-element elementor-element-2202a1b elementor-hidden-phone elementor-widget elementor-widget-spacer\" data-id=\"2202a1b\" data-element_type=\"widget\" data-widget_type=\"spacer.default\">\n\t\t\t\t<div class=\"elementor-widget-container\">\n\t\t\t\t\t<div class=\"elementor-spacer\">\n\t\t\t<div class=\"elementor-spacer-inner\"><\/div>\n\t\t<\/div>\n\t\t\t\t<\/div>\n\t\t\t\t<\/div>\n\t\t\t\t<div class=\"elementor-element elementor-element-5b061e1 elementor-widget elementor-widget-text-editor\" data-id=\"5b061e1\" data-element_type=\"widget\" data-widget_type=\"text-editor.default\">\n\t\t\t\t<div class=\"elementor-widget-container\">\n\t\t\t\t\t\t\t\t<div class=\"elementor-text-editor elementor-clearfix\">\n\t\t\t\t<h3><strong>dr. Petra Stuli\u0107 Sandev<\/strong><\/h3>\t\t\t\t\t<\/div>\n\t\t\t\t\t\t<\/div>\n\t\t\t\t<\/div>\n\t\t\t\t<div class=\"elementor-element elementor-element-e69be13 elementor-widget-divider--view-line elementor-widget elementor-widget-divider\" data-id=\"e69be13\" data-element_type=\"widget\" data-widget_type=\"divider.default\">\n\t\t\t\t<div class=\"elementor-widget-container\">\n\t\t\t\t\t<div class=\"elementor-divider\">\n\t\t\t<span class=\"elementor-divider-separator\">\n\t\t\t\t\t\t<\/span>\n\t\t<\/div>\n\t\t\t\t<\/div>\n\t\t\t\t<\/div>\n\t\t\t\t<div class=\"elementor-element elementor-element-e726cab elementor-widget elementor-widget-text-editor\" data-id=\"e726cab\" data-element_type=\"widget\" data-widget_type=\"text-editor.default\">\n\t\t\t\t<div class=\"elementor-widget-container\">\n\t\t\t\t\t\t\t\t<div class=\"elementor-text-editor elementor-clearfix\">\n\t\t\t\t<p><span style=\"font-weight: 400;\">Petra Stuli\u0107 Sandev was born in 1982 in Zadar. She finished primary school in Nin, followed by high school Vladimira Nazora in Zadar.<\/span><\/p>\t\t\t\t\t<\/div>\n\t\t\t\t\t\t<\/div>\n\t\t\t\t<\/div>\n\t\t\t\t<div class=\"elementor-element elementor-element-0f57601 elementor-widget elementor-widget-text-editor\" data-id=\"0f57601\" data-element_type=\"widget\" data-widget_type=\"text-editor.default\">\n\t\t\t\t<div class=\"elementor-widget-container\">\n\t\t\t\t\t\t\t\t<div class=\"elementor-text-editor elementor-clearfix\">\n\t\t\t\t<p><span style=\"font-weight: 400;\">She graduated from the College of dental medicine in Zagreb in 2006., amongst the top 10% of her class.<\/span><\/p>\t\t\t\t\t<\/div>\n\t\t\t\t\t\t<\/div>\n\t\t\t\t<\/div>\n\t\t\t\t<div class=\"elementor-element elementor-element-dfc4b66 elementor-widget elementor-widget-text-editor\" data-id=\"dfc4b66\" data-element_type=\"widget\" data-widget_type=\"text-editor.default\">\n\t\t\t\t<div class=\"elementor-widget-container\">\n\t\t\t\t\t\t\t\t<div class=\"elementor-text-editor elementor-clearfix\">\n\t\t\t\t<p><span style=\"font-weight: 400;\">In May of 2014, after six years of working at several respected practices in Zagreb, dr. Stuli\u0107 Sandev opens her own dental office.<\/span><\/p>\t\t\t\t\t<\/div>\n\t\t\t\t\t\t<\/div>\n\t\t\t\t<\/div>\n\t\t\t\t<div class=\"elementor-element elementor-element-e439c86 elementor-widget elementor-widget-text-editor\" data-id=\"e439c86\" data-element_type=\"widget\" data-widget_type=\"text-editor.default\">\n\t\t\t\t<div class=\"elementor-widget-container\">\n\t\t\t\t\t\t\t\t<div class=\"elementor-text-editor elementor-clearfix\">\n\t\t\t\t<p><span style=\"font-weight: 400;\">Her specialized fields of interest are aesthetic dentistry and prosthodontics, areas which she continuously works hard to improve. Together with her husband, dr. Livio Sandev, she attended multiple professional courses on implant-prothetic rehabilitation.<\/span><\/p>\t\t\t\t\t<\/div>\n\t\t\t\t\t\t<\/div>\n\t\t\t\t<\/div>\n\t\t\t\t<div class=\"elementor-element elementor-element-2106743 elementor-widget elementor-widget-text-editor\" data-id=\"2106743\" data-element_type=\"widget\" data-widget_type=\"text-editor.default\">\n\t\t\t\t<div class=\"elementor-widget-container\">\n\t\t\t\t\t\t\t\t<div class=\"elementor-text-editor elementor-clearfix\">\n\t\t\t\t<p><span style=\"font-weight: 400;\">In her free time, she enjoys reading and traveling. She&#8217;s a mother of two.<\/span><\/p>\t\t\t\t\t<\/div>\n\t\t\t\t\t\t<\/div>\n\t\t\t\t<\/div>\n\t\t\t\t<div class=\"elementor-element elementor-element-4ab8431 elementor-widget elementor-widget-text-editor\" data-id=\"4ab8431\" data-element_type=\"widget\" data-widget_type=\"text-editor.default\">\n\t\t\t\t<div class=\"elementor-widget-container\">\n\t\t\t\t\t\t\t\t<div class=\"elementor-text-editor elementor-clearfix\">\n\t\t\t\t<p><span style=\"font-weight: 400;\">Work experience:<\/span><span style=\"font-weight: 400;\"><br \/><\/span><span style=\"font-weight: 400;\">2008. Office of dental medicine Aleksandra Treppo, dr.med.dent.<\/span><\/p><p><span style=\"font-weight: 400;\">2008.-2009. Gnathos d.o.o.<br \/><\/span><span style=\"font-weight: 400;\">2009.-2010. \u00b8\u0160laj-Ani\u0107 polyclinic<br \/><\/span><span style=\"font-weight: 400;\">2010.-2013. Ortoimplant d.o.o.<br \/><\/span><span style=\"font-weight: 400;\">2014.-2015. Polyclinic I-MED<br \/><\/span>\u2013 today \u2013 Office of dental medicine Sandev<\/p><p><br \/><br \/><\/p>\t\t\t\t\t<\/div>\n\t\t\t\t\t\t<\/div>\n\t\t\t\t<\/div>\n\t\t\t\t\t\t<\/div>\n\t\t\t\t\t<\/div>\n\t\t<\/div>\n\t\t\t\t\t\t\t\t<\/div>\n\t\t\t\t\t<\/div>\n\t\t<\/section>\n\t\t\t\t\t\t<\/div>\n\t\t\t\t\t<\/div>\n\t\t<\/div>\n\t\t\t\t\t\t\t\t<\/div>\n\t\t\t\t\t<\/div>\n\t\t<\/section>\n\t\t\t\t<section class=\"elementor-section elementor-top-section elementor-element elementor-element-7b4ff4d elementor-section-height-min-height elementor-reverse-mobile elementor-section-boxed elementor-section-height-default elementor-section-items-middle\" data-id=\"7b4ff4d\" data-element_type=\"section\" data-settings=\"{&quot;background_background&quot;:&quot;classic&quot;}\">\n\t\t\t\t\t\t\t<div class=\"elementor-background-overlay\"><\/div>\n\t\t\t\t\t\t\t<div class=\"elementor-container elementor-column-gap-wider\">\n\t\t\t\t\t\t\t<div class=\"elementor-row\">\n\t\t\t\t\t<div class=\"elementor-column elementor-col-100 elementor-top-column elementor-element elementor-element-a65cc9a\" data-id=\"a65cc9a\" data-element_type=\"column\">\n\t\t\t<div class=\"elementor-column-wrap elementor-element-populated\">\n\t\t\t\t\t\t\t<div class=\"elementor-widget-wrap\">\n\t\t\t\t\t\t<div class=\"elementor-element elementor-element-74129f5 elementor-view-default elementor-position-top elementor-widget elementor-widget-themo-header\" data-id=\"74129f5\" data-element_type=\"widget\" data-widget_type=\"themo-header.default\">\n\t\t\t\t<div class=\"elementor-widget-container\">\n\t\t\t\t\t<div class=\"th-header-wrap\">\n        <div class=\"elementor-icon-box-wrapper \">\n                            <div class=\"elementor-icon-box-content\">\n                    <h2 class=\"elementor-icon-box-title\">\n                         Want to start creating the perfect smile right away?                    <\/h2>\n                                            <span class=\"th-header-divider\"><\/span>\n                                        <p class=\"elementor-icon-box-description\"><\/p>\n\n                                    <\/div>\n            <\/div>\n\n        <\/div>\n\n\t\t\t\t<\/div>\n\t\t\t\t<\/div>\n\t\t\t\t<div class=\"elementor-element elementor-element-59619d1 elementor-button-danger elementor-align-center elementor-widget elementor-widget-button\" data-id=\"59619d1\" data-element_type=\"widget\" data-widget_type=\"button.default\">\n\t\t\t\t<div class=\"elementor-widget-container\">\n\t\t\t\t\t<div class=\"elementor-button-wrapper\">\n\t\t\t<a href=\"https:\/\/dentalsandev.com\/eng\/contact\/\" class=\"elementor-button-link elementor-button elementor-size-lg\" role=\"button\">\n\t\t\t\t\t\t<span class=\"elementor-button-content-wrapper\">\n\t\t\t\t\t\t<span class=\"elementor-button-text\">Contact us!<\/span>\n\t\t<\/span>\n\t\t\t\t\t<\/a>\n\t\t<\/div>\n\t\t\t\t<\/div>\n\t\t\t\t<\/div>\n\t\t\t\t\t\t<\/div>\n\t\t\t\t\t<\/div>\n\t\t<\/div>\n\t\t\t\t\t\t\t\t<\/div>\n\t\t\t\t\t<\/div>\n\t\t<\/section>\n\t\t\t\t\t\t\t\t\t<\/div>\n\t\t\t<\/div>\n\t\t\t\t\t<\/div>\n\t\t","protected":false},"excerpt":{"rendered":"<p>dr. Petra Stuli\u0107 Sandev Petra Stuli\u0107 Sandev was born in 1982 in Zadar. She finished primary school in Nin, followed by high school Vladimira Nazora in Zadar. She graduated from the College of dental medicine in Zagreb in 2006., amongst &hellip; <a href=\"https:\/\/www.dentalsandev.com\/eng\/dr-petra-stulic-sandev\/\">Read More<\/a><\/p>\n","protected":false},"author":1,"featured_media":0,"parent":0,"menu_order":0,"comment_status":"closed","ping_status":"closed","template":"","meta":{"footnotes":""},"class_list":["post-1705","page","type-page","status-publish","hentry"],"yoast_head":"<!-- This site is optimized with the Yoast SEO plugin v26.0 - https:\/\/yoast.com\/wordpress\/plugins\/seo\/ -->\n<title>dr. Petra Stuli\u0107 Sandev - Dental Sandev<\/title>\n<meta name=\"robots\" content=\"index, follow, max-snippet:-1, max-image-preview:large, max-video-preview:-1\" \/>\n<link rel=\"canonical\" href=\"https:\/\/www.dentalsandev.com\/eng\/dr-petra-stulic-sandev\/\" \/>\n<meta property=\"og:locale\" content=\"hr_HR\" \/>\n<meta property=\"og:type\" content=\"article\" \/>\n<meta property=\"og:title\" content=\"dr. Petra Stuli\u0107 Sandev - Dental Sandev\" \/>\n<meta property=\"og:description\" content=\"dr. Petra Stuli\u0107 Sandev Petra Stuli\u0107 Sandev was born in 1982 in Zadar. She finished primary school in Nin, followed by high school Vladimira Nazora in Zadar. She graduated from the College of dental medicine in Zagreb in 2006., amongst &hellip; Read More\" \/>\n<meta property=\"og:url\" content=\"https:\/\/www.dentalsandev.com\/eng\/dr-petra-stulic-sandev\/\" \/>\n<meta property=\"og:site_name\" content=\"Dental Sandev\" \/>\n<meta property=\"article:publisher\" content=\"https:\/\/www.facebook.com\/dentalsandev\/\" \/>\n<meta property=\"article:modified_time\" content=\"2022-09-03T20:34:55+00:00\" \/>\n<meta property=\"og:image\" content=\"https:\/\/www.dentalsandev.com\/eng\/wp-content\/uploads\/2019\/05\/Petra-Stulic-Sandev-Dental-Sandev-746x1024.png\" \/>\n<meta name=\"twitter:card\" content=\"summary_large_image\" \/>\n<meta name=\"twitter:site\" content=\"@dentalsandev\" \/>\n<meta name=\"twitter:label1\" content=\"Procijenjeno vrijeme \u010ditanja\" \/>\n\t<meta name=\"twitter:data1\" content=\"2 minute\" \/>\n<script type=\"application\/ld+json\" class=\"yoast-schema-graph\">{\"@context\":\"https:\/\/schema.org\",\"@graph\":[{\"@type\":\"WebPage\",\"@id\":\"https:\/\/www.dentalsandev.com\/eng\/dr-petra-stulic-sandev\/\",\"url\":\"https:\/\/www.dentalsandev.com\/eng\/dr-petra-stulic-sandev\/\",\"name\":\"dr. Petra Stuli\u0107 Sandev - Dental Sandev\",\"isPartOf\":{\"@id\":\"https:\/\/www.dentalsandev.com\/eng\/#website\"},\"primaryImageOfPage\":{\"@id\":\"https:\/\/www.dentalsandev.com\/eng\/dr-petra-stulic-sandev\/#primaryimage\"},\"image\":{\"@id\":\"https:\/\/www.dentalsandev.com\/eng\/dr-petra-stulic-sandev\/#primaryimage\"},\"thumbnailUrl\":\"https:\/\/www.dentalsandev.com\/eng\/wp-content\/uploads\/2019\/05\/Petra-Stulic-Sandev-Dental-Sandev-746x1024.png\",\"datePublished\":\"2019-06-06T01:10:38+00:00\",\"dateModified\":\"2022-09-03T20:34:55+00:00\",\"breadcrumb\":{\"@id\":\"https:\/\/www.dentalsandev.com\/eng\/dr-petra-stulic-sandev\/#breadcrumb\"},\"inLanguage\":\"hr\",\"potentialAction\":[{\"@type\":\"ReadAction\",\"target\":[\"https:\/\/www.dentalsandev.com\/eng\/dr-petra-stulic-sandev\/\"]}]},{\"@type\":\"ImageObject\",\"inLanguage\":\"hr\",\"@id\":\"https:\/\/www.dentalsandev.com\/eng\/dr-petra-stulic-sandev\/#primaryimage\",\"url\":\"https:\/\/www.dentalsandev.com\/eng\/wp-content\/uploads\/2019\/05\/Petra-Stulic-Sandev-Dental-Sandev.png\",\"contentUrl\":\"https:\/\/www.dentalsandev.com\/eng\/wp-content\/uploads\/2019\/05\/Petra-Stulic-Sandev-Dental-Sandev.png\",\"width\":656,\"height\":900},{\"@type\":\"BreadcrumbList\",\"@id\":\"https:\/\/www.dentalsandev.com\/eng\/dr-petra-stulic-sandev\/#breadcrumb\",\"itemListElement\":[{\"@type\":\"ListItem\",\"position\":1,\"name\":\"Po\u010detna stranica\",\"item\":\"https:\/\/www.dentalsandev.com\/eng\/\"},{\"@type\":\"ListItem\",\"position\":2,\"name\":\"dr. Petra Stuli\u0107 Sandev\"}]},{\"@type\":\"WebSite\",\"@id\":\"https:\/\/www.dentalsandev.com\/eng\/#website\",\"url\":\"https:\/\/www.dentalsandev.com\/eng\/\",\"name\":\"Dental Sandev\",\"description\":\"Dental Sandev \u2013 Clinic of Dental Medicine\",\"publisher\":{\"@id\":\"https:\/\/www.dentalsandev.com\/eng\/#organization\"},\"potentialAction\":[{\"@type\":\"SearchAction\",\"target\":{\"@type\":\"EntryPoint\",\"urlTemplate\":\"https:\/\/www.dentalsandev.com\/eng\/?s={search_term_string}\"},\"query-input\":{\"@type\":\"PropertyValueSpecification\",\"valueRequired\":true,\"valueName\":\"search_term_string\"}}],\"inLanguage\":\"hr\"},{\"@type\":\"Organization\",\"@id\":\"https:\/\/www.dentalsandev.com\/eng\/#organization\",\"name\":\"Ordinacija dentalne medicine Sandev - Stomatolo\u0161ka ordinacija Zagreb\",\"url\":\"https:\/\/www.dentalsandev.com\/eng\/\",\"logo\":{\"@type\":\"ImageObject\",\"inLanguage\":\"hr\",\"@id\":\"https:\/\/www.dentalsandev.com\/eng\/#\/schema\/logo\/image\/\",\"url\":\"https:\/\/www.dentalsandev.com\/eng\/wp-content\/uploads\/2019\/05\/Nas-Tim-Dental-Sandev.jpg\",\"contentUrl\":\"https:\/\/www.dentalsandev.com\/eng\/wp-content\/uploads\/2019\/05\/Nas-Tim-Dental-Sandev.jpg\",\"width\":1000,\"height\":750,\"caption\":\"Ordinacija dentalne medicine Sandev - Stomatolo\u0161ka ordinacija Zagreb\"},\"image\":{\"@id\":\"https:\/\/www.dentalsandev.com\/eng\/#\/schema\/logo\/image\/\"},\"sameAs\":[\"https:\/\/www.facebook.com\/dentalsandev\/\",\"https:\/\/x.com\/dentalsandev\",\"https:\/\/www.instagram.com\/dentalsandev\/\",\"https:\/\/www.youtube.com\/channel\/UCDOECFo1fPwvXcrgjm-_mbw\"]}]}<\/script>\n<!-- \/ Yoast SEO plugin. -->","yoast_head_json":{"title":"dr. Petra Stuli\u0107 Sandev - Dental Sandev","robots":{"index":"index","follow":"follow","max-snippet":"max-snippet:-1","max-image-preview":"max-image-preview:large","max-video-preview":"max-video-preview:-1"},"canonical":"https:\/\/www.dentalsandev.com\/eng\/dr-petra-stulic-sandev\/","og_locale":"hr_HR","og_type":"article","og_title":"dr. Petra Stuli\u0107 Sandev - Dental Sandev","og_description":"dr. Petra Stuli\u0107 Sandev Petra Stuli\u0107 Sandev was born in 1982 in Zadar. She finished primary school in Nin, followed by high school Vladimira Nazora in Zadar. She graduated from the College of dental medicine in Zagreb in 2006., amongst &hellip; Read More","og_url":"https:\/\/www.dentalsandev.com\/eng\/dr-petra-stulic-sandev\/","og_site_name":"Dental Sandev","article_publisher":"https:\/\/www.facebook.com\/dentalsandev\/","article_modified_time":"2022-09-03T20:34:55+00:00","og_image":[{"url":"https:\/\/www.dentalsandev.com\/eng\/wp-content\/uploads\/2019\/05\/Petra-Stulic-Sandev-Dental-Sandev-746x1024.png","type":"","width":"","height":""}],"twitter_card":"summary_large_image","twitter_site":"@dentalsandev","twitter_misc":{"Procijenjeno vrijeme \u010ditanja":"2 minute"},"schema":{"@context":"https:\/\/schema.org","@graph":[{"@type":"WebPage","@id":"https:\/\/www.dentalsandev.com\/eng\/dr-petra-stulic-sandev\/","url":"https:\/\/www.dentalsandev.com\/eng\/dr-petra-stulic-sandev\/","name":"dr. Petra Stuli\u0107 Sandev - Dental Sandev","isPartOf":{"@id":"https:\/\/www.dentalsandev.com\/eng\/#website"},"primaryImageOfPage":{"@id":"https:\/\/www.dentalsandev.com\/eng\/dr-petra-stulic-sandev\/#primaryimage"},"image":{"@id":"https:\/\/www.dentalsandev.com\/eng\/dr-petra-stulic-sandev\/#primaryimage"},"thumbnailUrl":"https:\/\/www.dentalsandev.com\/eng\/wp-content\/uploads\/2019\/05\/Petra-Stulic-Sandev-Dental-Sandev-746x1024.png","datePublished":"2019-06-06T01:10:38+00:00","dateModified":"2022-09-03T20:34:55+00:00","breadcrumb":{"@id":"https:\/\/www.dentalsandev.com\/eng\/dr-petra-stulic-sandev\/#breadcrumb"},"inLanguage":"hr","potentialAction":[{"@type":"ReadAction","target":["https:\/\/www.dentalsandev.com\/eng\/dr-petra-stulic-sandev\/"]}]},{"@type":"ImageObject","inLanguage":"hr","@id":"https:\/\/www.dentalsandev.com\/eng\/dr-petra-stulic-sandev\/#primaryimage","url":"https:\/\/www.dentalsandev.com\/eng\/wp-content\/uploads\/2019\/05\/Petra-Stulic-Sandev-Dental-Sandev.png","contentUrl":"https:\/\/www.dentalsandev.com\/eng\/wp-content\/uploads\/2019\/05\/Petra-Stulic-Sandev-Dental-Sandev.png","width":656,"height":900},{"@type":"BreadcrumbList","@id":"https:\/\/www.dentalsandev.com\/eng\/dr-petra-stulic-sandev\/#breadcrumb","itemListElement":[{"@type":"ListItem","position":1,"name":"Po\u010detna stranica","item":"https:\/\/www.dentalsandev.com\/eng\/"},{"@type":"ListItem","position":2,"name":"dr. Petra Stuli\u0107 Sandev"}]},{"@type":"WebSite","@id":"https:\/\/www.dentalsandev.com\/eng\/#website","url":"https:\/\/www.dentalsandev.com\/eng\/","name":"Dental Sandev","description":"Dental Sandev \u2013 Clinic of Dental Medicine","publisher":{"@id":"https:\/\/www.dentalsandev.com\/eng\/#organization"},"potentialAction":[{"@type":"SearchAction","target":{"@type":"EntryPoint","urlTemplate":"https:\/\/www.dentalsandev.com\/eng\/?s={search_term_string}"},"query-input":{"@type":"PropertyValueSpecification","valueRequired":true,"valueName":"search_term_string"}}],"inLanguage":"hr"},{"@type":"Organization","@id":"https:\/\/www.dentalsandev.com\/eng\/#organization","name":"Ordinacija dentalne medicine Sandev - Stomatolo\u0161ka ordinacija Zagreb","url":"https:\/\/www.dentalsandev.com\/eng\/","logo":{"@type":"ImageObject","inLanguage":"hr","@id":"https:\/\/www.dentalsandev.com\/eng\/#\/schema\/logo\/image\/","url":"https:\/\/www.dentalsandev.com\/eng\/wp-content\/uploads\/2019\/05\/Nas-Tim-Dental-Sandev.jpg","contentUrl":"https:\/\/www.dentalsandev.com\/eng\/wp-content\/uploads\/2019\/05\/Nas-Tim-Dental-Sandev.jpg","width":1000,"height":750,"caption":"Ordinacija dentalne medicine Sandev - Stomatolo\u0161ka ordinacija Zagreb"},"image":{"@id":"https:\/\/www.dentalsandev.com\/eng\/#\/schema\/logo\/image\/"},"sameAs":["https:\/\/www.facebook.com\/dentalsandev\/","https:\/\/x.com\/dentalsandev","https:\/\/www.instagram.com\/dentalsandev\/","https:\/\/www.youtube.com\/channel\/UCDOECFo1fPwvXcrgjm-_mbw"]}]}},"_links":{"self":[{"href":"https:\/\/www.dentalsandev.com\/eng\/wp-json\/wp\/v2\/pages\/1705","targetHints":{"allow":["GET"]}}],"collection":[{"href":"https:\/\/www.dentalsandev.com\/eng\/wp-json\/wp\/v2\/pages"}],"about":[{"href":"https:\/\/www.dentalsandev.com\/eng\/wp-json\/wp\/v2\/types\/page"}],"author":[{"embeddable":true,"href":"https:\/\/www.dentalsandev.com\/eng\/wp-json\/wp\/v2\/users\/1"}],"replies":[{"embeddable":true,"href":"https:\/\/www.dentalsandev.com\/eng\/wp-json\/wp\/v2\/comments?post=1705"}],"version-history":[{"count":0,"href":"https:\/\/www.dentalsandev.com\/eng\/wp-json\/wp\/v2\/pages\/1705\/revisions"}],"wp:attachment":[{"href":"https:\/\/www.dentalsandev.com\/eng\/wp-json\/wp\/v2\/media?parent=1705"}],"curies":[{"name":"wp","href":"https:\/\/api.w.org\/{rel}","templated":true}]}}