{"id":3,"date":"2019-05-06T10:02:10","date_gmt":"2019-05-06T10:02:10","guid":{"rendered":"http:\/\/dentalsandev.com\/noviweb\/?page_id=3"},"modified":"2025-09-24T19:35:43","modified_gmt":"2025-09-24T18:35:43","slug":"izjava-o-privatnosti","status":"publish","type":"page","link":"https:\/\/www.dentalsandev.com\/eng\/izjava-o-privatnosti\/","title":{"rendered":"Privacy Policy"},"content":{"rendered":"\r\n<p>Pravila za\u0161tite podataka (Privacy policy) \u2013 Petra Stuli\u0107 Sandev, dr. dentalne medicine, sa sjedi\u0161tem ordinacije dentalne medicine na adresi u Zagrebu, Ulica grada Mainza 11\/1, OIB: 00892466222<\/p>\r\n<p><strong><u>1) Uvod<\/u><\/strong><\/p>\r\n<p>Va\u0161a privatnost i sigurnost Va\u0161ih podataka nam je od iznimne va\u017enosti pa s Vama \u017eelimo podijeliti pravila koja smo implementirali u svoje poslovanje.<\/p>\r\n<p>Va\u0161e osobne podatke ne\u0107emo prodati niti na bilo koji drugi na\u010din ustupiti tre\u0107oj neovla\u0161tenoj osobi ni u koju svrhu pa tako niti u svrhu ostvarenja promotivnih aktivnosti tre\u0107e strane.<\/p>\r\n<p>Posebnu pa\u017enju smo posvetili tome da se pravila o za\u0161titi osobnih podataka inkorporiraju u sve na\u0161e poslovne procedure te da u svom poslovanju primjenjujemo najvi\u0161e standarde informati\u010dke sigurnosti.<\/p>\r\n<p>Posebno nagla\u0161avamo da doktor je dentalne medicine obvezan \u010duvati kao profesionalnu tajnu sve \u0161to sazna o zdravstvenom stanju pacijenta. Profesionalnom tajnom smatraju se svi podaci koje doktor dentalne medicine sazna pri obavljanju svoje struke o pacijentu, njegovim osobnim, obiteljskim i socijalnim prilikama kao i podaci vezani uz otkrivanje i lije\u010denje bolesti. Doktor dentalne medicine obvezan je na \u010duvanje profesionalne tajne o pacijentu i prema \u010dlanovima obitelji pacijenta, \u010dak i nakon njegove smrti.<\/p>\r\n<p>Izno\u0161enje profesionalne tajne dopu\u0161teno je samo uz pristanak pacijenta te u skladu s Kodeksom dentalne etike i deontologije. Izno\u0161enje profesionalne tajne dopu\u0161teno je i u slu\u010daju ako bi se \u010duvanjem profesionalne tajne ugrozio \u017eivot i zdravlje drugih ljudi.<\/p>\r\n<p>Odavanjem profesionalne tajne ne smatra se: izno\u0161enje podataka o pacijentu u svrhu znanstvenih istra\u017eivanja, predavanja ili publikacija, ne odavaju\u0107i identitet pacijenta i uz njegov pisani pristanak, davanje podataka za statisti\u010dku obradu, ne odavaju\u0107i identitet pacijenta, davanje podataka dru\u0161tvu za zdravstveno osiguranje s kojim pacijent ima sklopljen ugovor o osiguranju te davanje podataka istra\u017enoj ili sudbenoj vlasti, ako bi tajenje podataka moglo utjecati na bit istra\u017enog ili sudskog postupka ili na\u0161koditi tre\u0107oj osobi.<\/p>\r\n<p>Doktor dentalne medicine obvezan je voditi to\u010dnu, iscrpnu i datiranu dentalnu dokumentaciju o stanju pacijenta i njegovu lije\u010denju u skladu s propisima o evidencijama na podru\u010dju zdravstva. Doktor dentalne medicine obvezan je tu dokumentaciju na zahtjev predo\u010diti ministarstvu nadle\u017enom za zdravstvo, tijelima dr\u017eavne uprave u skladu s posebnim propisima, Komori ili sudbenoj vlasti.<\/p>\r\n<p>Dentalna dokumentacija sastoji se od kartona sa statusom, povijesti bolesti, rendgenskih snimaka te fotografija.<\/p>\r\n<p>&nbsp;<\/p>\r\n<p><strong><u>2) U kojim situacijama mo\u017eemo prikupiti Va\u0161e osobne podatke<\/u><\/strong><\/p>\r\n<p>Primarno prikupljamo podatke u svrhu vr\u0161enja usluga iz podru\u010dja dentalne medicine i to:<\/p>\r\n<p>Stomatolo\u0161kog pregleda i postavljanja dijagnoze<\/p>\r\n<p>Lije\u010denja i zahvata<\/p>\r\n<p>Izrade ponuda<\/p>\r\n<p>Izrade plana tretmana<\/p>\r\n<p>Izrade otiska u svrhu izrade protetskih nadomjestaka<\/p>\r\n<p>Vo\u0111enja zdravstvenih kartona pacijenata<\/p>\r\n<p>Vo\u0111enja evidencije tijekom zahvata<\/p>\r\n<p>Provo\u0111enja zdravstvene za\u0161tite zdravstvenih radnika koji dolaze u kontakt s pacijentom<\/p>\r\n<p>Pra\u0107enja zadovoljstva pacijenata<\/p>\r\n<p>&nbsp;<\/p>\r\n<p>U svrhu gore navedenih obrada prikupljamo sljede\u0107e osobne podatke:<\/p>\r\n<p><em><strong>Ime i prezime<\/strong><\/em><\/p>\r\n<p><em><strong>Adresa<\/strong><\/em><\/p>\r\n<p><em><strong>Spol<\/strong><\/em><\/p>\r\n<p><em><strong>Datum ro\u0111enja<\/strong><\/em><\/p>\r\n<p><em><strong>OIB<\/strong><\/em><\/p>\r\n<p><em><strong>Telefon<\/strong><\/em><\/p>\r\n<p><em><strong>Mobitel<\/strong><\/em><\/p>\r\n<p><em><strong>E-mail<\/strong><\/em><\/p>\r\n<p><em><strong>Ime, adresa i telefon najbli\u017eeg srodnika<\/strong><\/em><\/p>\r\n<p><em><strong>Podatke o pro\u0161lom i trenutnom zdravstvenom stanju<\/strong><\/em><\/p>\r\n<p><em><strong>Podaci o zdravstvenoj dijagnozi\/dijagnozama (ako postoji)<\/strong><\/em><\/p>\r\n<p><em><strong>Podaci o izvr\u0161enim tretmanima i terapijama<\/strong><\/em><\/p>\r\n<p><em><strong>Otisak zuba<\/strong><\/em><\/p>\r\n<p><em><strong>Rendgensku sliku<\/strong><\/em><\/p>\r\n<p><em><strong>Intraoralne i ekstraoralne fotografije prije, u toku i nakon zahvata<\/strong><\/em><\/p>\r\n<p>Podatke u svrhu lije\u010denja prikupljamo, obra\u0111ujemo i \u010duvamo temeljem zakona i u skladu sa zakonom.<\/p>\r\n<p>Ukoliko Vas budemo tra\u017eili privolu za kori\u0161tenje Va\u0161ih osobnih podataka za druge svrhe (npr. promotivne), period \u010duvanja tih podataka bit \u0107e naveden zasebno na privoli.<\/p>\r\n<p>Podaci uneseni putem forme \u201eKontaktirajte nas\u201c na na\u0161oj web stranici http:\/\/www.dentalsandev.com\/ se pohranjuju kod na\u0161eg partnera POSLuH hosting d.o.o., \u010diji se server nalazi u Republici Hrvatskoj (https:\/\/www.posluh.hr\/Pravila-o-privatnosti), a podaci s koje smo dobili putem e-maila ili osobno ispunjavanjem obrasca u ordinaciji, \u010duvaju se na cloud serveru Google Drive u vlasni\u0161tvu ordinacije (https:\/\/policies.google.com\/privacy?hl=hr)<\/p>\r\n<p>Prilikom posjeta na\u0161oj web stranici, mo\u017eemo prikupljati podatake o prometu, lokaciji te druge komunikacijske podataka. Vi\u0161e o tome na Cookie Policy.<\/p>\r\n<p><strong><u>3) S kim dijelimo podatke<\/u><\/strong><\/p>\r\n<p>Podaci koje nam ustupite u sklopu izvr\u0161avanja na\u0161e usluge mogu biti poslani na\u0161im izvr\u0161iteljima obrade i to:<\/p>\r\n<p>U svrhu vo\u0111enja knjigovodstva \u2013 podaci s ra\u010duna<\/p>\r\n<p>Laboratorij \u2013 u svrhu izrade otiska zuba<\/p>\r\n<p>Ugovorima sklopljenim sa svojim partnerima pobrinuli smo se da isti zadovoljavaju najvi\u0161e standarde za\u0161tite osobnih podataka.<\/p>\r\n<p><strong>Google Analytics<\/strong><\/p>\r\n<p>Google Analytics je alat za prikupljanje anonimnih podataka o korisnicima na\u0161ih web stranica, koji prikuplja podatke o tome koliko \u010desto korisnici posje\u0107uju na\u0161e web stranice, koje stranice posje\u0107uju, u koje vrijeme ih posje\u0107uju, koliko dugo ostaju i iz koje zemlje dolaze itd. i to pomo\u0107u kola\u010di\u0107a i IP adresa i to u sljede\u0107e svrhe:<\/p>\r\n<p>\u2013 za pobolj\u0161anje korisni\u010dkog iskustva,<\/p>\r\n<p>\u2013 za pra\u0107enje uspje\u0161nosti marketin\u0161kih kampanja,<\/p>\r\n<p>\u2013 za analizu obrazaca pona\u0161anja.<\/p>\r\n<p>Ukolilko \u017eelite isklju\u010diti Google Analytics, mo\u017eete instalirati Googleov dodatak za svoj preglednik koji \u0107e to sprije\u010diti. Dodatak mo\u017eete preuzeti ovdje:\u00a0<a href=\"https:\/\/tools.google.com\/dlpage\/gaoptout\">https:\/\/tools.google.com\/dlpage\/gaoptout<\/a>.<\/p>\r\n<p>Vi\u0161e informacija o tome kako Google koristi tako skupljene podatke mo\u017eete prona\u0107i OVDJE:\u00a0<a href=\"https:\/\/policies.google.com\/privacy\/partners?hl=hr&amp;gl=uk\">https:\/\/policies.google.com\/privacy\/partners?hl=hr&amp;gl=uk<\/a><\/p>\r\n<p><strong>Mail Chimp<\/strong><\/p>\r\n<p>Va\u0161e osobne podatke \u0107emo prikupljati i obra\u0111ivati prilikom slanja na\u0161eg newslettera i promid\u017ebenih poruka e-po\u0161te isklju\u010divo uz Va\u0161u izri\u010ditu privolu koju mo\u017eete u svakom trenutku povu\u0107i ili izmijeniti OVDJE.<\/p>\r\n<p>Za slanje newslettera koristimo servis Mail Chimp \u010diju politiku za\u0161tite osobnih podataka mo\u017eete prona\u0107i OVDJE\u00a0<a href=\"https:\/\/mailchimp.com\/legal\/privacy\/\">https:\/\/mailchimp.com\/legal\/privacy\/<\/a><\/p>\r\n<p><strong><u>4) Vrijeme \u010duvanja podataka<\/u><\/strong><\/p>\r\n<p>Va\u0161e podatke ne\u0107emo \u010duvati dulje nego li je nu\u017eno potrebno za ispunjavanje svrhe zbog koje su prikupljeni.<\/p>\r\n<p><strong><u>\u00a0<\/u><\/strong>Ukoliko smo Va\u0161e podatke prikupili temeljem zakona, du\u017eni smo Vas obavijestiti da doktor dentalne medicine obvezan je \u010duvati podatke o lije\u010denju pacijenta deset godina nakon zavr\u0161enog lije\u010denja, a nakon toga roka obvezan je postupiti prema propisima o \u010duvanju dokumentacije.<\/p>\r\n<p>Podatke sadr\u017eani u ra\u010dunu te podaci o financijskim transakcijama du\u017eni smo po zakonu \u010duvati 11 godina.<\/p>\r\n<p>Period \u010duvanja podataka koje prikupljamo putem privola bit \u0107e naveden na svakoj zasebnoj privoli.<\/p>\r\n<p><strong><u>5) Koja prava imate vezano uz prikupljanje i obradu osobnih podataka<\/u><\/strong><\/p>\r\n<ul>\r\n<li>na\u00a0<strong>informacije<\/strong>\u00a0o obradi va\u0161ih osobnih podataka;<\/li>\r\n<li><strong>ishoditi pristup<\/strong>\u00a0osobnim podacima o sebi;<\/li>\r\n<li>tra\u017eiti\u00a0<strong>ispravljanje<\/strong>\u00a0neto\u010dnih, nepreciznih ili nepotpunih osobnih podataka;<\/li>\r\n<li>zatra\u017eiti da se osobni\u00a0<strong>podaci obri\u0161u<\/strong>\u00a0kad vi\u0161e nisu potrebni ili ako je obrada nezakonita;<\/li>\r\n<li><strong>prigovoriti<\/strong>\u00a0na obradu va\u0161ih osobnih podataka u svrhe marketinga ili na temeljima povezanima s va\u0161om posebnom situacijom;<\/li>\r\n<li>zatra\u017eiti\u00a0<strong>ograni\u010denje\u00a0<\/strong>obrade svojih osobnih podataka u posebnim slu\u010dajevima;<\/li>\r\n<li>zaprimiti svoje osobne podatke u strojno \u010ditljivom formatu te ih poslati drugom voditelju obrade (\u201e<strong>prenosivost podataka<\/strong>\u201d);<\/li>\r\n<li>zatra\u017eiti da odluke koje se temelje na\u00a0<strong>automatiziranoj obradi<\/strong>\u00a0koje se odnose na vas ili znatno utje\u010du na vas te koje se temelje na va\u0161im osobnim podacima donose fizi\u010dke osobe, ne samo ra\u010dunala. U ovom slu\u010daju tako\u0111er imate pravo izra\u017eavanja vlastitog stajali\u0161ta te osporavanja odluke.<\/li>\r\n<\/ul>\r\n<p>Za ostvarivanje svojih prava mo\u017eete koristiti\u00a0<a href=\"http:\/\/www.dentalsandev.com\/wp-content\/uploads\/2018\/05\/gdpr-obrazac.pdf\">OBRAZAC<\/a><\/p>\r\n<p><strong><u>6) Kako nas mo\u017eete kontaktirati<\/u><\/strong><\/p>\r\n<p>Mo\u017eete nam poslati poruku e-po\u0161tom na info@dentalsandev.com i dentalsandev@gmail.com<\/p>\r\n<p>Mo\u017eete nas nazvati radnim na telefon 01\/7701953<\/p>\r\n<p>Mo\u017eete nam pisati na: Ordinacija dentalne medicine Sandev, Ulica Grada Mainza 11, I.kat, 10000 Zagreb<\/p>\r\n<p><strong><u>7) Nadzorno tijelo<\/u><\/strong><\/p>\r\n<p>Nadzorno tijelo je Agencija za za\u0161titu osobnih podataka (AZOP), a podatke o tome na koji na\u010din pred nadzornim tijelom mo\u017eete za\u0161titi svoja prava mo\u017eete na\u0107i OVDJE https:\/\/azop.hr\/prava-ispitanika\/zahtjev-zastita-prava<\/p>\r\n","protected":false},"excerpt":{"rendered":"<p>Pravila za\u0161tite podataka (Privacy policy) \u2013 Petra Stuli\u0107 Sandev, dr. dentalne medicine, sa sjedi\u0161tem ordinacije dentalne medicine na adresi u Zagrebu, Ulica grada Mainza 11\/1, OIB: 00892466222 1) Uvod Va\u0161a privatnost i sigurnost Va\u0161ih podataka nam je od iznimne va\u017enosti &hellip; <a href=\"https:\/\/www.dentalsandev.com\/eng\/izjava-o-privatnosti\/\">Read More<\/a><\/p>\n","protected":false},"author":1,"featured_media":0,"parent":0,"menu_order":0,"comment_status":"closed","ping_status":"open","template":"","meta":{"footnotes":""},"class_list":["post-3","page","type-page","status-publish","hentry"],"yoast_head":"<!-- This site is optimized with the Yoast SEO plugin v26.0 - https:\/\/yoast.com\/wordpress\/plugins\/seo\/ -->\n<title>Privacy Policy - Dental Sandev<\/title>\n<meta name=\"robots\" content=\"index, follow, max-snippet:-1, max-image-preview:large, max-video-preview:-1\" \/>\n<link rel=\"canonical\" href=\"https:\/\/www.dentalsandev.com\/eng\/izjava-o-privatnosti\/\" \/>\n<meta property=\"og:locale\" content=\"hr_HR\" \/>\n<meta property=\"og:type\" content=\"article\" \/>\n<meta property=\"og:title\" content=\"Privacy Policy - Dental Sandev\" \/>\n<meta property=\"og:description\" content=\"Pravila za\u0161tite podataka (Privacy policy) \u2013 Petra Stuli\u0107 Sandev, dr. dentalne medicine, sa sjedi\u0161tem ordinacije dentalne medicine na adresi u Zagrebu, Ulica grada Mainza 11\/1, OIB: 00892466222 1) Uvod Va\u0161a privatnost i sigurnost Va\u0161ih podataka nam je od iznimne va\u017enosti &hellip; Read More\" \/>\n<meta property=\"og:url\" content=\"https:\/\/www.dentalsandev.com\/eng\/izjava-o-privatnosti\/\" \/>\n<meta property=\"og:site_name\" content=\"Dental Sandev\" \/>\n<meta property=\"article:publisher\" content=\"https:\/\/www.facebook.com\/dentalsandev\/\" \/>\n<meta property=\"article:modified_time\" content=\"2025-09-24T18:35:43+00:00\" \/>\n<meta property=\"og:image\" content=\"https:\/\/www.dentalsandev.com\/eng\/wp-content\/uploads\/2019\/09\/sandev-facebook.jpg\" \/>\n\t<meta property=\"og:image:width\" content=\"1000\" \/>\n\t<meta property=\"og:image:height\" content=\"684\" \/>\n\t<meta property=\"og:image:type\" content=\"image\/jpeg\" \/>\n<meta name=\"twitter:card\" content=\"summary_large_image\" \/>\n<meta name=\"twitter:site\" content=\"@dentalsandev\" \/>\n<meta name=\"twitter:label1\" content=\"Procijenjeno vrijeme \u010ditanja\" \/>\n\t<meta name=\"twitter:data1\" content=\"6 minuta\" \/>\n<script type=\"application\/ld+json\" class=\"yoast-schema-graph\">{\"@context\":\"https:\/\/schema.org\",\"@graph\":[{\"@type\":\"WebPage\",\"@id\":\"https:\/\/www.dentalsandev.com\/eng\/izjava-o-privatnosti\/\",\"url\":\"https:\/\/www.dentalsandev.com\/eng\/izjava-o-privatnosti\/\",\"name\":\"Privacy Policy - Dental Sandev\",\"isPartOf\":{\"@id\":\"https:\/\/www.dentalsandev.com\/eng\/#website\"},\"datePublished\":\"2019-05-06T10:02:10+00:00\",\"dateModified\":\"2025-09-24T18:35:43+00:00\",\"breadcrumb\":{\"@id\":\"https:\/\/www.dentalsandev.com\/eng\/izjava-o-privatnosti\/#breadcrumb\"},\"inLanguage\":\"hr\",\"potentialAction\":[{\"@type\":\"ReadAction\",\"target\":[\"https:\/\/www.dentalsandev.com\/eng\/izjava-o-privatnosti\/\"]}]},{\"@type\":\"BreadcrumbList\",\"@id\":\"https:\/\/www.dentalsandev.com\/eng\/izjava-o-privatnosti\/#breadcrumb\",\"itemListElement\":[{\"@type\":\"ListItem\",\"position\":1,\"name\":\"Po\u010detna stranica\",\"item\":\"https:\/\/www.dentalsandev.com\/eng\/\"},{\"@type\":\"ListItem\",\"position\":2,\"name\":\"Privacy Policy\"}]},{\"@type\":\"WebSite\",\"@id\":\"https:\/\/www.dentalsandev.com\/eng\/#website\",\"url\":\"https:\/\/www.dentalsandev.com\/eng\/\",\"name\":\"Dental Sandev\",\"description\":\"Dental Sandev \u2013 Clinic of Dental Medicine\",\"publisher\":{\"@id\":\"https:\/\/www.dentalsandev.com\/eng\/#organization\"},\"potentialAction\":[{\"@type\":\"SearchAction\",\"target\":{\"@type\":\"EntryPoint\",\"urlTemplate\":\"https:\/\/www.dentalsandev.com\/eng\/?s={search_term_string}\"},\"query-input\":{\"@type\":\"PropertyValueSpecification\",\"valueRequired\":true,\"valueName\":\"search_term_string\"}}],\"inLanguage\":\"hr\"},{\"@type\":\"Organization\",\"@id\":\"https:\/\/www.dentalsandev.com\/eng\/#organization\",\"name\":\"Ordinacija dentalne medicine Sandev - Stomatolo\u0161ka ordinacija Zagreb\",\"url\":\"https:\/\/www.dentalsandev.com\/eng\/\",\"logo\":{\"@type\":\"ImageObject\",\"inLanguage\":\"hr\",\"@id\":\"https:\/\/www.dentalsandev.com\/eng\/#\/schema\/logo\/image\/\",\"url\":\"https:\/\/www.dentalsandev.com\/eng\/wp-content\/uploads\/2019\/05\/Nas-Tim-Dental-Sandev.jpg\",\"contentUrl\":\"https:\/\/www.dentalsandev.com\/eng\/wp-content\/uploads\/2019\/05\/Nas-Tim-Dental-Sandev.jpg\",\"width\":1000,\"height\":750,\"caption\":\"Ordinacija dentalne medicine Sandev - Stomatolo\u0161ka ordinacija Zagreb\"},\"image\":{\"@id\":\"https:\/\/www.dentalsandev.com\/eng\/#\/schema\/logo\/image\/\"},\"sameAs\":[\"https:\/\/www.facebook.com\/dentalsandev\/\",\"https:\/\/x.com\/dentalsandev\",\"https:\/\/www.instagram.com\/dentalsandev\/\",\"https:\/\/www.youtube.com\/channel\/UCDOECFo1fPwvXcrgjm-_mbw\"]}]}<\/script>\n<!-- \/ Yoast SEO plugin. -->","yoast_head_json":{"title":"Privacy Policy - Dental Sandev","robots":{"index":"index","follow":"follow","max-snippet":"max-snippet:-1","max-image-preview":"max-image-preview:large","max-video-preview":"max-video-preview:-1"},"canonical":"https:\/\/www.dentalsandev.com\/eng\/izjava-o-privatnosti\/","og_locale":"hr_HR","og_type":"article","og_title":"Privacy Policy - Dental Sandev","og_description":"Pravila za\u0161tite podataka (Privacy policy) \u2013 Petra Stuli\u0107 Sandev, dr. dentalne medicine, sa sjedi\u0161tem ordinacije dentalne medicine na adresi u Zagrebu, Ulica grada Mainza 11\/1, OIB: 00892466222 1) Uvod Va\u0161a privatnost i sigurnost Va\u0161ih podataka nam je od iznimne va\u017enosti &hellip; Read More","og_url":"https:\/\/www.dentalsandev.com\/eng\/izjava-o-privatnosti\/","og_site_name":"Dental Sandev","article_publisher":"https:\/\/www.facebook.com\/dentalsandev\/","article_modified_time":"2025-09-24T18:35:43+00:00","og_image":[{"width":1000,"height":684,"url":"https:\/\/www.dentalsandev.com\/eng\/wp-content\/uploads\/2019\/09\/sandev-facebook.jpg","type":"image\/jpeg"}],"twitter_card":"summary_large_image","twitter_site":"@dentalsandev","twitter_misc":{"Procijenjeno vrijeme \u010ditanja":"6 minuta"},"schema":{"@context":"https:\/\/schema.org","@graph":[{"@type":"WebPage","@id":"https:\/\/www.dentalsandev.com\/eng\/izjava-o-privatnosti\/","url":"https:\/\/www.dentalsandev.com\/eng\/izjava-o-privatnosti\/","name":"Privacy Policy - Dental Sandev","isPartOf":{"@id":"https:\/\/www.dentalsandev.com\/eng\/#website"},"datePublished":"2019-05-06T10:02:10+00:00","dateModified":"2025-09-24T18:35:43+00:00","breadcrumb":{"@id":"https:\/\/www.dentalsandev.com\/eng\/izjava-o-privatnosti\/#breadcrumb"},"inLanguage":"hr","potentialAction":[{"@type":"ReadAction","target":["https:\/\/www.dentalsandev.com\/eng\/izjava-o-privatnosti\/"]}]},{"@type":"BreadcrumbList","@id":"https:\/\/www.dentalsandev.com\/eng\/izjava-o-privatnosti\/#breadcrumb","itemListElement":[{"@type":"ListItem","position":1,"name":"Po\u010detna stranica","item":"https:\/\/www.dentalsandev.com\/eng\/"},{"@type":"ListItem","position":2,"name":"Privacy Policy"}]},{"@type":"WebSite","@id":"https:\/\/www.dentalsandev.com\/eng\/#website","url":"https:\/\/www.dentalsandev.com\/eng\/","name":"Dental Sandev","description":"Dental Sandev \u2013 Clinic of Dental Medicine","publisher":{"@id":"https:\/\/www.dentalsandev.com\/eng\/#organization"},"potentialAction":[{"@type":"SearchAction","target":{"@type":"EntryPoint","urlTemplate":"https:\/\/www.dentalsandev.com\/eng\/?s={search_term_string}"},"query-input":{"@type":"PropertyValueSpecification","valueRequired":true,"valueName":"search_term_string"}}],"inLanguage":"hr"},{"@type":"Organization","@id":"https:\/\/www.dentalsandev.com\/eng\/#organization","name":"Ordinacija dentalne medicine Sandev - Stomatolo\u0161ka ordinacija Zagreb","url":"https:\/\/www.dentalsandev.com\/eng\/","logo":{"@type":"ImageObject","inLanguage":"hr","@id":"https:\/\/www.dentalsandev.com\/eng\/#\/schema\/logo\/image\/","url":"https:\/\/www.dentalsandev.com\/eng\/wp-content\/uploads\/2019\/05\/Nas-Tim-Dental-Sandev.jpg","contentUrl":"https:\/\/www.dentalsandev.com\/eng\/wp-content\/uploads\/2019\/05\/Nas-Tim-Dental-Sandev.jpg","width":1000,"height":750,"caption":"Ordinacija dentalne medicine Sandev - Stomatolo\u0161ka ordinacija Zagreb"},"image":{"@id":"https:\/\/www.dentalsandev.com\/eng\/#\/schema\/logo\/image\/"},"sameAs":["https:\/\/www.facebook.com\/dentalsandev\/","https:\/\/x.com\/dentalsandev","https:\/\/www.instagram.com\/dentalsandev\/","https:\/\/www.youtube.com\/channel\/UCDOECFo1fPwvXcrgjm-_mbw"]}]}},"_links":{"self":[{"href":"https:\/\/www.dentalsandev.com\/eng\/wp-json\/wp\/v2\/pages\/3","targetHints":{"allow":["GET"]}}],"collection":[{"href":"https:\/\/www.dentalsandev.com\/eng\/wp-json\/wp\/v2\/pages"}],"about":[{"href":"https:\/\/www.dentalsandev.com\/eng\/wp-json\/wp\/v2\/types\/page"}],"author":[{"embeddable":true,"href":"https:\/\/www.dentalsandev.com\/eng\/wp-json\/wp\/v2\/users\/1"}],"replies":[{"embeddable":true,"href":"https:\/\/www.dentalsandev.com\/eng\/wp-json\/wp\/v2\/comments?post=3"}],"version-history":[{"count":1,"href":"https:\/\/www.dentalsandev.com\/eng\/wp-json\/wp\/v2\/pages\/3\/revisions"}],"predecessor-version":[{"id":2329,"href":"https:\/\/www.dentalsandev.com\/eng\/wp-json\/wp\/v2\/pages\/3\/revisions\/2329"}],"wp:attachment":[{"href":"https:\/\/www.dentalsandev.com\/eng\/wp-json\/wp\/v2\/media?parent=3"}],"curies":[{"name":"wp","href":"https:\/\/api.w.org\/{rel}","templated":true}]}}